{"id":52,"date":"2025-01-04T23:31:53","date_gmt":"2025-01-04T22:31:53","guid":{"rendered":"https:\/\/breaking-game.fr\/?page_id=52"},"modified":"2025-01-05T22:03:41","modified_gmt":"2025-01-05T21:03:41","slug":"bien-venu-dans-lunivers-du-breaking-game","status":"publish","type":"page","link":"http:\/\/breaking-game.fr\/?page_id=52","title":{"rendered":"PARTENAIRES"},"content":{"rendered":"\n<figure class=\"wp-block-image aligncenter size-large is-resized\"><a href=\"https:\/\/accessite.eu\/accessite\/\"><img loading=\"lazy\" decoding=\"async\" width=\"1024\" height=\"169\" src=\"https:\/\/breaking-game.fr\/wp-content\/uploads\/2025\/01\/Logo-ACCESSITE-fond-clair-1024x169.png\" alt=\"\" class=\"wp-image-56\" style=\"width:727px;height:auto\" srcset=\"http:\/\/breaking-game.fr\/wp-content\/uploads\/2025\/01\/Logo-ACCESSITE-fond-clair-1024x169.png 1024w, http:\/\/breaking-game.fr\/wp-content\/uploads\/2025\/01\/Logo-ACCESSITE-fond-clair-300x49.png 300w, http:\/\/breaking-game.fr\/wp-content\/uploads\/2025\/01\/Logo-ACCESSITE-fond-clair-768x127.png 768w, http:\/\/breaking-game.fr\/wp-content\/uploads\/2025\/01\/Logo-ACCESSITE-fond-clair-1536x253.png 1536w, http:\/\/breaking-game.fr\/wp-content\/uploads\/2025\/01\/Logo-ACCESSITE-fond-clair-2048x337.png 2048w\" sizes=\"auto, (max-width: 1024px) 100vw, 1024px\" \/><\/a><\/figure>\n\n\n\n<div class=\"wp-block-group has-palette-color-8-color has-text-color has-link-color wp-elements-ebf5acc484380a524ff93e7d8e6f72cf is-layout-constrained wp-block-group-is-layout-constrained\">\n<p>Accessite est un sp\u00e9cialiste du commerce cr\u00e9\u00e9 en 2007. Nous nous appuyons aujourd&rsquo;hui sur une \u00e9quipe pluridisciplinaire de plus de 140 collaborateurs qui interviennent quotidiennement pour nos clients sur des probl\u00e9matiques commerce et seulement sur le commerce. <\/p>\n\n\n\n<p style=\"font-style:normal;font-weight:600;text-transform:uppercase\">Les chiffres \u00e0 retenir<\/p>\n\n\n\n<ul class=\"wp-block-list\">\n<li>1 mds&nbsp;d&rsquo;\u20ac d&rsquo;actifs<\/li>\n\n\n\n<li>1 M&nbsp;m\u00b2 g\u00e9r\u00e9s<\/li>\n\n\n\n<li>55&nbsp;centres commerciaux<\/li>\n\n\n\n<li>15&nbsp;retail parks et p\u00e9riph\u00e9rie<\/li>\n\n\n\n<li>250&nbsp;pieds d&rsquo;immeuble<\/li>\n\n\n\n<li>300&nbsp;actif primes et stand alone<\/li>\n\n\n\n<li>140 M\u20ac&nbsp;de loyers g\u00e9r\u00e9s<\/li>\n\n\n\n<li>80 M\u20ac&nbsp;de budget de charges<\/li>\n\n\n\n<li>10 M&nbsp;de travaux par an<\/li>\n\n\n\n<li>140&nbsp;collaborateurs<\/li>\n<\/ul>\n<\/div>\n\n\n\n<ul class=\"wp-block-list\">\n<li><\/li>\n<\/ul>\n\n\n\n<figure class=\"wp-block-image aligncenter size-large is-resized\"><a href=\"https:\/\/www.caisse-epargne.fr\/aquitaine-poitou-charentes\/\"><img loading=\"lazy\" decoding=\"async\" width=\"1024\" height=\"309\" src=\"https:\/\/breaking-game.fr\/wp-content\/uploads\/2025\/01\/CE_AQUIT_POITCHAR_LOGO_2021_BLANC-1024x309.png\" alt=\"\" class=\"wp-image-159\" style=\"width:792px;height:auto\" srcset=\"http:\/\/breaking-game.fr\/wp-content\/uploads\/2025\/01\/CE_AQUIT_POITCHAR_LOGO_2021_BLANC-1024x309.png 1024w, http:\/\/breaking-game.fr\/wp-content\/uploads\/2025\/01\/CE_AQUIT_POITCHAR_LOGO_2021_BLANC-300x91.png 300w, http:\/\/breaking-game.fr\/wp-content\/uploads\/2025\/01\/CE_AQUIT_POITCHAR_LOGO_2021_BLANC-768x232.png 768w, http:\/\/breaking-game.fr\/wp-content\/uploads\/2025\/01\/CE_AQUIT_POITCHAR_LOGO_2021_BLANC-1536x464.png 1536w, http:\/\/breaking-game.fr\/wp-content\/uploads\/2025\/01\/CE_AQUIT_POITCHAR_LOGO_2021_BLANC-2048x619.png 2048w\" sizes=\"auto, (max-width: 1024px) 100vw, 1024px\" \/><\/a><\/figure>\n\n\n\n<p class=\"has-palette-color-8-color has-text-color has-link-color wp-elements-32f0ac8c11d85c7f06723dde9b7597a3\">\u00caTRE UTILE \u00c0 CHACUN<br>EN \u00c9TANT UTILE \u00c0 TOUS<br><strong>VOICI NOTRE ADN.<\/strong><\/p>\n\n\n\n<p class=\"has-palette-color-8-color has-text-color has-link-color wp-elements-019c1c03adafa2fbd19a0d51e47b41ea\">La Caisse d\u2019Epargne Aquitaine Poitou-Charentes est convaincue qu\u2019une entreprise doit exercer son activit\u00e9 en s\u2019assurant continuellement de son utilit\u00e9 sur son territoire. Trouver le juste \u00e9quilibre entre performance \u00e9conomique et engagement soci\u00e9tal : c\u2019est l\u00e0 tout l\u2019enjeu de notre d\u00e9marche de responsabilit\u00e9 sociale et environnementale.<\/p>\n\n\n\n<ul class=\"wp-block-list\">\n<li><\/li>\n<\/ul>\n\n\n\n<figure class=\"wp-block-image aligncenter size-large is-resized\"><a href=\"https:\/\/www.technics.com\/fr\/\"><img loading=\"lazy\" decoding=\"async\" width=\"1024\" height=\"303\" src=\"https:\/\/breaking-game.fr\/wp-content\/uploads\/2025\/01\/Technics_Logo_Data_for_web-01-1024x303.png\" alt=\"\" class=\"wp-image-161\" style=\"width:787px;height:auto\" srcset=\"http:\/\/breaking-game.fr\/wp-content\/uploads\/2025\/01\/Technics_Logo_Data_for_web-01-1024x303.png 1024w, http:\/\/breaking-game.fr\/wp-content\/uploads\/2025\/01\/Technics_Logo_Data_for_web-01-300x89.png 300w, http:\/\/breaking-game.fr\/wp-content\/uploads\/2025\/01\/Technics_Logo_Data_for_web-01-768x227.png 768w, http:\/\/breaking-game.fr\/wp-content\/uploads\/2025\/01\/Technics_Logo_Data_for_web-01-1536x454.png 1536w, http:\/\/breaking-game.fr\/wp-content\/uploads\/2025\/01\/Technics_Logo_Data_for_web-01.png 1761w\" sizes=\"auto, (max-width: 1024px) 100vw, 1024px\" \/><\/a><\/figure>\n\n\n\n<p class=\"has-palette-color-8-color has-text-color has-link-color wp-elements-be30898a2c1613d76b51706897016d52\">Sans fronti\u00e8res, la musique est aussi intemporelle, touchant le coeur des gens en traversant les cultures et les g\u00e9n\u00e9rations. Tous les jours, nous attendons la r\u00e9v\u00e9lation d&rsquo;une exp\u00e9rience \u00e9motionnelle authentique \u00e0 partir d&rsquo;un son venu de nulle part. Permettez-nous de vous emmener en voyage pour Red\u00e9couvrir la musique.<\/p>\n\n\n\n<ul class=\"wp-block-list\">\n<li><\/li>\n<\/ul>\n\n\n\n<figure class=\"wp-block-image aligncenter size-large is-resized\"><a href=\"https:\/\/fr.jbl.com\" target=\"_blank\"><img loading=\"lazy\" decoding=\"async\" width=\"1024\" height=\"773\" src=\"https:\/\/breaking-game.fr\/wp-content\/uploads\/2025\/01\/Logo-JBL-HD-detoure-RGB-sans-Harman-1024x773.png\" alt=\"\" class=\"wp-image-162\" style=\"width:624px;height:auto\" srcset=\"http:\/\/breaking-game.fr\/wp-content\/uploads\/2025\/01\/Logo-JBL-HD-detoure-RGB-sans-Harman-1024x773.png 1024w, http:\/\/breaking-game.fr\/wp-content\/uploads\/2025\/01\/Logo-JBL-HD-detoure-RGB-sans-Harman-300x226.png 300w, http:\/\/breaking-game.fr\/wp-content\/uploads\/2025\/01\/Logo-JBL-HD-detoure-RGB-sans-Harman-768x579.png 768w, http:\/\/breaking-game.fr\/wp-content\/uploads\/2025\/01\/Logo-JBL-HD-detoure-RGB-sans-Harman-1536x1159.png 1536w, http:\/\/breaking-game.fr\/wp-content\/uploads\/2025\/01\/Logo-JBL-HD-detoure-RGB-sans-Harman.png 2000w\" sizes=\"auto, (max-width: 1024px) 100vw, 1024px\" \/><\/a><\/figure>\n\n\n\n<p class=\"has-palette-color-8-color has-text-color has-link-color wp-elements-34297f67260c19ceb04308cc64389c4d\" style=\"text-transform:none\">Le son est un moyen d&rsquo;expression personnelle. Depuis plus de 75ans JBL donne aux artistes, aux cr\u00e9ateurs et aux musiciens la possibilit\u00e9 de s&rsquo;exprimer sans filtre. Trouvez votre voix, nous nous chargerons de l&rsquo;amplifier.&nbsp;<\/p>\n\n\n\n<ul class=\"wp-block-list\">\n<li><\/li>\n<\/ul>\n\n\n\n<figure class=\"wp-block-image aligncenter size-large is-resized\"><a href=\"https:\/\/www.decathlon.fr\/store-view\/magasin-de-sports-bordeaux-centre-ville-city-0070035400354\"><img loading=\"lazy\" decoding=\"async\" width=\"1024\" height=\"209\" src=\"https:\/\/breaking-game.fr\/wp-content\/uploads\/2025\/01\/LOGO-CITY-1-1-1024x209.png\" alt=\"\" class=\"wp-image-165\" style=\"width:750px;height:auto\" srcset=\"http:\/\/breaking-game.fr\/wp-content\/uploads\/2025\/01\/LOGO-CITY-1-1-1024x209.png 1024w, http:\/\/breaking-game.fr\/wp-content\/uploads\/2025\/01\/LOGO-CITY-1-1-300x61.png 300w, http:\/\/breaking-game.fr\/wp-content\/uploads\/2025\/01\/LOGO-CITY-1-1-768x157.png 768w, http:\/\/breaking-game.fr\/wp-content\/uploads\/2025\/01\/LOGO-CITY-1-1-1536x314.png 1536w, http:\/\/breaking-game.fr\/wp-content\/uploads\/2025\/01\/LOGO-CITY-1-1-2048x418.png 2048w\" sizes=\"auto, (max-width: 1024px) 100vw, 1024px\" \/><\/a><\/figure>\n\n\n\n<p class=\"has-palette-color-8-color has-text-color has-link-color wp-elements-f6df5298b679a607593cf1407598d78b\">Chez DECATHLON, nous sommes conscient\u2022es que nos activit\u00e9s ont un impact important sur notre environnement, nos terrains de jeux. En tant que sportifs et sportives, nous le constatons tous les jours sur nos terrains de jeux.<\/p>\n\n\n\n<ul class=\"wp-block-list\">\n<li><\/li>\n<\/ul>\n\n\n\n<figure class=\"wp-block-image aligncenter size-large is-resized\"><a href=\"https:\/\/fr.yamaha.com\/index.html\"><img loading=\"lazy\" decoding=\"async\" width=\"1024\" height=\"223\" src=\"https:\/\/breaking-game.fr\/wp-content\/uploads\/2025\/01\/Yamaha-Logo-white-1024x223.png\" alt=\"\" class=\"wp-image-166\" style=\"width:753px;height:auto\" srcset=\"http:\/\/breaking-game.fr\/wp-content\/uploads\/2025\/01\/Yamaha-Logo-white-1024x223.png 1024w, http:\/\/breaking-game.fr\/wp-content\/uploads\/2025\/01\/Yamaha-Logo-white-300x65.png 300w, http:\/\/breaking-game.fr\/wp-content\/uploads\/2025\/01\/Yamaha-Logo-white-768x167.png 768w, http:\/\/breaking-game.fr\/wp-content\/uploads\/2025\/01\/Yamaha-Logo-white-1536x334.png 1536w, http:\/\/breaking-game.fr\/wp-content\/uploads\/2025\/01\/Yamaha-Logo-white-2048x446.png 2048w\" sizes=\"auto, (max-width: 1024px) 100vw, 1024px\" \/><\/a><\/figure>\n\n\n\n<p class=\"has-palette-color-8-color has-text-color has-link-color wp-elements-e72d39752558cfc8044e8bee3330a5f0\">Le 1er octobre 1987, apr\u00e8s 100 ann\u00e9es d&rsquo;existence, la soci\u00e9t\u00e9 Nippon Gakki Ltd changeait de nom pour devenir Yamaha Corporation Ltd. C&rsquo;est ainsi qu&rsquo;elle c\u00e9l\u00e9brait ses 100 ann\u00e9es de distribution d&rsquo;instruments de musique et rendait hommage \u00e0 son fondateur, Torakusu Yamaha (20 avril 1851 \u2013 8 ao\u00fbt 1916).<\/p>\n\n\n<div class=\"is-default-size aligncenter wp-block-site-logo\"><a href=\"http:\/\/breaking-game.fr\/\" class=\"custom-logo-link\" rel=\"home\"><img loading=\"lazy\" decoding=\"async\" width=\"2379\" height=\"1004\" src=\"http:\/\/breaking-game.fr\/wp-content\/uploads\/2025\/01\/BREAKING-GAME-LOGO-Degrade-2.png\" class=\"custom-logo\" alt=\"BREAKING GAME\" srcset=\"http:\/\/breaking-game.fr\/wp-content\/uploads\/2025\/01\/BREAKING-GAME-LOGO-Degrade-2.png 2379w, http:\/\/breaking-game.fr\/wp-content\/uploads\/2025\/01\/BREAKING-GAME-LOGO-Degrade-2-300x127.png 300w, http:\/\/breaking-game.fr\/wp-content\/uploads\/2025\/01\/BREAKING-GAME-LOGO-Degrade-2-1024x432.png 1024w, http:\/\/breaking-game.fr\/wp-content\/uploads\/2025\/01\/BREAKING-GAME-LOGO-Degrade-2-768x324.png 768w, http:\/\/breaking-game.fr\/wp-content\/uploads\/2025\/01\/BREAKING-GAME-LOGO-Degrade-2-1536x648.png 1536w, http:\/\/breaking-game.fr\/wp-content\/uploads\/2025\/01\/BREAKING-GAME-LOGO-Degrade-2-2048x864.png 2048w\" sizes=\"auto, (max-width: 2379px) 100vw, 2379px\" \/><\/a><\/div>\n\n\n<p><\/p>\n","protected":false},"excerpt":{"rendered":"<p>Accessite est un sp\u00e9cialiste du commerce cr\u00e9\u00e9 en 2007. Nous nous appuyons aujourd&rsquo;hui sur une \u00e9quipe pluridisciplinaire de plus de 140 collaborateurs qui interviennent quotidiennement pour nos clients sur des probl\u00e9matiques commerce et seulement sur le commerce. Les chiffres \u00e0 retenir \u00caTRE UTILE \u00c0 CHACUNEN \u00c9TANT UTILE \u00c0 TOUSVOICI NOTRE ADN. La Caisse d\u2019Epargne Aquitaine [&hellip;]<\/p>\n","protected":false},"author":1,"featured_media":0,"parent":0,"menu_order":0,"comment_status":"closed","ping_status":"closed","template":"","meta":{"footnotes":""},"class_list":["post-52","page","type-page","status-publish","hentry"],"blocksy_meta":[],"_links":{"self":[{"href":"http:\/\/breaking-game.fr\/index.php?rest_route=\/wp\/v2\/pages\/52","targetHints":{"allow":["GET"]}}],"collection":[{"href":"http:\/\/breaking-game.fr\/index.php?rest_route=\/wp\/v2\/pages"}],"about":[{"href":"http:\/\/breaking-game.fr\/index.php?rest_route=\/wp\/v2\/types\/page"}],"author":[{"embeddable":true,"href":"http:\/\/breaking-game.fr\/index.php?rest_route=\/wp\/v2\/users\/1"}],"replies":[{"embeddable":true,"href":"http:\/\/breaking-game.fr\/index.php?rest_route=%2Fwp%2Fv2%2Fcomments&post=52"}],"version-history":[{"count":9,"href":"http:\/\/breaking-game.fr\/index.php?rest_route=\/wp\/v2\/pages\/52\/revisions"}],"predecessor-version":[{"id":169,"href":"http:\/\/breaking-game.fr\/index.php?rest_route=\/wp\/v2\/pages\/52\/revisions\/169"}],"wp:attachment":[{"href":"http:\/\/breaking-game.fr\/index.php?rest_route=%2Fwp%2Fv2%2Fmedia&parent=52"}],"curies":[{"name":"wp","href":"https:\/\/api.w.org\/{rel}","templated":true}]}}