{"id":89,"date":"2025-01-05T01:09:17","date_gmt":"2025-01-05T00:09:17","guid":{"rendered":"https:\/\/breaking-game.fr\/?page_id=89"},"modified":"2025-01-05T19:45:22","modified_gmt":"2025-01-05T18:45:22","slug":"breaking-game","status":"publish","type":"page","link":"http:\/\/breaking-game.fr\/","title":{"rendered":"BREAKING GAME"},"content":{"rendered":"\n<div class=\"wp-block-cover alignfull\" style=\"min-height:850px;aspect-ratio:unset;\"><span aria-hidden=\"true\" class=\"wp-block-cover__background has-background-dim\"><\/span><video class=\"wp-block-cover__video-background intrinsic-ignore\" autoplay muted loop playsinline src=\"http:\/\/breaking-game.fr\/wp-content\/uploads\/2025\/01\/BREAKING-GAMES-RECAP-SITE-INTER.mp4\" style=\"object-position:52% 55%\" data-object-fit=\"cover\" data-object-position=\"52% 55%\"><\/video><div class=\"wp-block-cover__inner-container is-layout-flow wp-block-cover-is-layout-flow\">\n<p class=\"has-text-align-center has-large-font-size\"><\/p>\n<\/div><\/div>\n\n\n\n<div class=\"wp-block-group alignwide is-layout-constrained wp-block-group-is-layout-constrained\" style=\"text-transform:none\">\n<div class=\"wp-block-group is-layout-constrained wp-block-group-is-layout-constrained\">\n<div class=\"wp-block-group is-layout-constrained wp-block-group-is-layout-constrained\">\n<div class=\"wp-block-group is-layout-constrained wp-block-group-is-layout-constrained\">\n<p class=\"has-text-align-center has-palette-color-8-color has-text-color has-link-color wp-elements-58eee3b58a6abd101fe105ce74611c35\"><strong>BREAKING GAME<\/strong> est un \u00e9v\u00e9nement HIP HOP et plus particuliairement de Breakdance cr\u00e9\u00e9 en 2021. Le projet est n\u00e9 d&rsquo;un constat avec l&rsquo;arriv\u00e9e de la discipline du Breakdance au Jeux Olympique de Paris 2024 avec l&rsquo;id\u00e9e de reprendre les codes et valeurs de cette competitions :<\/p>\n\n\n\n<p class=\"has-text-align-center has-palette-color-8-color has-text-color has-link-color wp-elements-4e4a39dcd5a4ca148f2d93131439ebff\">\u26ab\ufe0fFormat 1vs1     \u26ab\ufe0fInternational     \u26ab\ufe0fParit\u00e9     \u26ab\ufe0fPodium     \u26ab\ufe0fM\u00e9dailles     <\/p>\n<\/div>\n<\/div>\n<\/div>\n<\/div>\n\n\n\n<figure class=\"wp-block-image alignfull size-large\"><img loading=\"lazy\" decoding=\"async\" width=\"1024\" height=\"577\" src=\"https:\/\/breaking-game.fr\/wp-content\/uploads\/2025\/01\/2BAFA951-E2AC-43C4-8190-88E288AFA9A0-1024x577.jpg\" alt=\"\" class=\"wp-image-139\" srcset=\"http:\/\/breaking-game.fr\/wp-content\/uploads\/2025\/01\/2BAFA951-E2AC-43C4-8190-88E288AFA9A0-1024x577.jpg 1024w, http:\/\/breaking-game.fr\/wp-content\/uploads\/2025\/01\/2BAFA951-E2AC-43C4-8190-88E288AFA9A0-300x169.jpg 300w, http:\/\/breaking-game.fr\/wp-content\/uploads\/2025\/01\/2BAFA951-E2AC-43C4-8190-88E288AFA9A0-768x433.jpg 768w, http:\/\/breaking-game.fr\/wp-content\/uploads\/2025\/01\/2BAFA951-E2AC-43C4-8190-88E288AFA9A0.jpg 1440w\" sizes=\"auto, (max-width: 1024px) 100vw, 1024px\" \/><\/figure>\n\n\n<div class=\"is-default-size aligncenter wp-block-site-logo\"><a href=\"http:\/\/breaking-game.fr\/\" class=\"custom-logo-link\" rel=\"home\"><img loading=\"lazy\" decoding=\"async\" width=\"2379\" height=\"1004\" src=\"http:\/\/breaking-game.fr\/wp-content\/uploads\/2025\/01\/BREAKING-GAME-LOGO-Degrade-2.png\" class=\"custom-logo\" alt=\"BREAKING GAME\" srcset=\"http:\/\/breaking-game.fr\/wp-content\/uploads\/2025\/01\/BREAKING-GAME-LOGO-Degrade-2.png 2379w, http:\/\/breaking-game.fr\/wp-content\/uploads\/2025\/01\/BREAKING-GAME-LOGO-Degrade-2-300x127.png 300w, http:\/\/breaking-game.fr\/wp-content\/uploads\/2025\/01\/BREAKING-GAME-LOGO-Degrade-2-1024x432.png 1024w, http:\/\/breaking-game.fr\/wp-content\/uploads\/2025\/01\/BREAKING-GAME-LOGO-Degrade-2-768x324.png 768w, http:\/\/breaking-game.fr\/wp-content\/uploads\/2025\/01\/BREAKING-GAME-LOGO-Degrade-2-1536x648.png 1536w, http:\/\/breaking-game.fr\/wp-content\/uploads\/2025\/01\/BREAKING-GAME-LOGO-Degrade-2-2048x864.png 2048w\" sizes=\"auto, (max-width: 2379px) 100vw, 2379px\" \/><\/a><\/div>\n\n\n<p><\/p>\n","protected":false},"excerpt":{"rendered":"<p>BREAKING GAME est un \u00e9v\u00e9nement HIP HOP et plus particuliairement de Breakdance cr\u00e9\u00e9 en 2021. Le projet est n\u00e9 d&rsquo;un constat avec l&rsquo;arriv\u00e9e de la discipline du Breakdance au Jeux Olympique de Paris 2024 avec l&rsquo;id\u00e9e de reprendre les codes et valeurs de cette competitions : \u26ab\ufe0fFormat 1vs1 \u26ab\ufe0fInternational \u26ab\ufe0fParit\u00e9 \u26ab\ufe0fPodium \u26ab\ufe0fM\u00e9dailles<\/p>\n","protected":false},"author":1,"featured_media":0,"parent":0,"menu_order":0,"comment_status":"closed","ping_status":"closed","template":"","meta":{"footnotes":""},"class_list":["post-89","page","type-page","status-publish","hentry"],"blocksy_meta":[],"_links":{"self":[{"href":"http:\/\/breaking-game.fr\/index.php?rest_route=\/wp\/v2\/pages\/89","targetHints":{"allow":["GET"]}}],"collection":[{"href":"http:\/\/breaking-game.fr\/index.php?rest_route=\/wp\/v2\/pages"}],"about":[{"href":"http:\/\/breaking-game.fr\/index.php?rest_route=\/wp\/v2\/types\/page"}],"author":[{"embeddable":true,"href":"http:\/\/breaking-game.fr\/index.php?rest_route=\/wp\/v2\/users\/1"}],"replies":[{"embeddable":true,"href":"http:\/\/breaking-game.fr\/index.php?rest_route=%2Fwp%2Fv2%2Fcomments&post=89"}],"version-history":[{"count":25,"href":"http:\/\/breaking-game.fr\/index.php?rest_route=\/wp\/v2\/pages\/89\/revisions"}],"predecessor-version":[{"id":156,"href":"http:\/\/breaking-game.fr\/index.php?rest_route=\/wp\/v2\/pages\/89\/revisions\/156"}],"wp:attachment":[{"href":"http:\/\/breaking-game.fr\/index.php?rest_route=%2Fwp%2Fv2%2Fmedia&parent=89"}],"curies":[{"name":"wp","href":"https:\/\/api.w.org\/{rel}","templated":true}]}}